{"id":106,"date":"2014-03-24T12:03:43","date_gmt":"2014-03-24T12:03:43","guid":{"rendered":"http:\/\/www.sy-robusta.ch\/kutter-robusta\/robusta-beim-kauf-2\/"},"modified":"2019-09-26T22:18:13","modified_gmt":"2019-09-26T22:18:13","slug":"robusta-beim-kauf-2","status":"publish","type":"page","link":"https:\/\/sy-robusta.ch\/?page_id=106","title":{"rendered":"Finden einer Yacht"},"content":{"rendered":"<h3>Vom Suchen und Finden<\/h3>\n<p>Das Internet ist ja schon eine tolle Sache, wenn man ein Boot sucht. Unz\u00e4hlige Seiten bieten die gleichen Boote an. Alles Maklerboote. Wie beim Autoverkauf, meistens steckt ein H\u00e4ndler dahinter. Es gibt Dienstleistungsunternehmen, die die Inserierung in den Bootsverkaufsseiten f\u00fcr die H\u00e4ndler \u00fcbernehmen und so finden sich die gleichen Boote immer wieder \u00fcberall. Nur wollte ich gar kein Boot von einem H\u00e4ndler, ich wollte von privat kaufen. Wenn man privat kauft, hat man keine Gew\u00e4hrleistung\/Garantie, daf\u00fcr sind die Boote in der Regel sehr viel g\u00fcnstiger zu haben. Also konzentrierte ich mich zuerst auf die Suche nach Verkaufsseiten, die private Boote im Angebot haben. Danach konnte man vermuten, dass einige dieser Seiten relativ wenig Leser aufweisen. So fand ich dann einige Stahlboote, die meinem Beuteschema entsprachen.<\/p>\n<h3 lang=\"de-CH\">Unser Beuteschema<\/h3>\n<p lang=\"de-CH\">Achterkaj\u00fcte<\/p>\n<p lang=\"de-CH\">Ja diese musste sein, kann sie doch als R\u00fcckzugsraum dienen, oder aber auch als G\u00e4stekoje. Ebenfalls ist dann das Cockpit in der Mitte und nicht hinten im Schiff. Und ja nicht mit unn\u00f6tigem M\u00fcll bef\u00fcllen\u2026<\/p>\n<p lang=\"de-CH\">Stahl<\/p>\n<p lang=\"de-CH\">Stahl sollte es sein, denn so ist das Boot entsprechend schwerer. Das f\u00fchrt zu einem ruhigen Seeverhalten im Vergleich zu einem leichten Boot. Ebenfalls scheint mir Stahl sicherer zu sein da die Bordwand nicht so leicht L\u00f6cher bekommt.<\/p>\n<p lang=\"de-CH\">Ketsch<\/p>\n<p lang=\"de-CH\">Zwei Masten wollte ich haben, einer zum Segeln und einer f\u00fcr die bessere Beherrschbarkeit der Segel. So dachte ich mir das.<\/p>\n<p>Komplette Ausr\u00fcstung<\/p>\n<p lang=\"de-CH\">Komplett ausger\u00fcstet f\u00fcr lange Fahrt wollte ich das Boot haben. Dies weil wir schlicht keine Zeit mit dem Ausr\u00fcsten verbringen wollten, da wir leider nicht am Meer wohnen und arbeiten. Auch ist es viel kosteng\u00fcnstiger als wenn man ein nacktes Boot mit neuer Ausr\u00fcstung komplettieren wollte.<\/p>\n<p lang=\"de-CH\">Norden<\/p>\n<p lang=\"de-CH\">Die Yacht sollte im Norden gekauft werden. Im Norden sind die Schiffe wetterfester, haben Heizung.<\/p>\n<p lang=\"de-CH\">Kauf<\/p>\n<p>Im Netz gefunden habe ich dann etwa drei tolle Stahlschiffe und eine Handvoll Alternativen \u2013 leider aus Plastik. Und die wollten wir uns w\u00e4hrend einer Nordseek\u00fcstenreise im Sommer 2013 anschauen.<\/p>\n<p lang=\"de-CH\">Schon das zweite Schiff war dann der Favorit. Ein wundersch\u00f6nes schwarz-rotes Schiff, jedoch keine Ketsch. Stand auf dem trockenen, der Eigner war am Streichen des Unterwasserschiffes. Der Eigner musterte uns von unten nach oben. Schweissgebadet, draussen war\u2019s 34 Grad, f\u00fchrte er uns danach zur Leiter rauf zum Cockpit. Er f\u00fchrte uns durch das Schiff: Kein Rost, starker Motor, neue Pantry, vollgebauter Navigationsplatz, Teppiche f\u00fcr seine Hunde, grosse Kojen, kleiner K\u00fchlschrank. Komplett ausger\u00fcstet mit Solar, Windsteueranlage, Maststufen, Selbstwendefock, Beiboot mit Motor, genug Segel.<\/p>\n<p>&nbsp;<\/p>\n<p lang=\"de-CH\">Ich wusste, das wird unser Schiff sein. Wir konnten aber nicht damit fahren, stand es doch am Land. Daf\u00fcr gab\u2019s die Sicht auf das Unterwasser.<\/p>\n<p>&nbsp;<\/p>\n<p lang=\"de-CH\">Noch schnell ein&nbsp;<a title=\"Yacht Design\" href=\"http:\/\/www.yacht-design.ch\/\">Experte<\/a>&nbsp;eingeflogen, Gutachten erstellt und \u2013 gekauft !<\/p>\n<p>&nbsp;<\/p>\n<p lang=\"de-CH\"><span style=\"line-height: 1.5em;\">&nbsp;<\/span><\/p>\n<p>&nbsp;<\/p>\n","protected":false},"excerpt":{"rendered":"<p>Vom Suchen und Finden Das Internet ist ja schon eine tolle Sache, wenn man ein Boot sucht. Unz\u00e4hlige Seiten bieten die gleichen Boote an. Alles Maklerboote. Wie beim Autoverkauf, meistens steckt ein H\u00e4ndler dahinter. Es gibt Dienstleistungsunternehmen, die die Inserierung in den Bootsverkaufsseiten f\u00fcr die H\u00e4ndler \u00fcbernehmen und so finden sich die gleichen Boote immer [&hellip;]<\/p>\n","protected":false},"author":1,"featured_media":0,"parent":10006,"menu_order":2,"comment_status":"closed","ping_status":"open","template":"","meta":{"ngg_post_thumbnail":0,"footnotes":""},"class_list":["post-106","page","type-page","status-publish","hentry"],"_links":{"self":[{"href":"https:\/\/sy-robusta.ch\/index.php?rest_route=\/wp\/v2\/pages\/106","targetHints":{"allow":["GET"]}}],"collection":[{"href":"https:\/\/sy-robusta.ch\/index.php?rest_route=\/wp\/v2\/pages"}],"about":[{"href":"https:\/\/sy-robusta.ch\/index.php?rest_route=\/wp\/v2\/types\/page"}],"author":[{"embeddable":true,"href":"https:\/\/sy-robusta.ch\/index.php?rest_route=\/wp\/v2\/users\/1"}],"replies":[{"embeddable":true,"href":"https:\/\/sy-robusta.ch\/index.php?rest_route=%2Fwp%2Fv2%2Fcomments&post=106"}],"version-history":[{"count":1,"href":"https:\/\/sy-robusta.ch\/index.php?rest_route=\/wp\/v2\/pages\/106\/revisions"}],"predecessor-version":[{"id":10347,"href":"https:\/\/sy-robusta.ch\/index.php?rest_route=\/wp\/v2\/pages\/106\/revisions\/10347"}],"up":[{"embeddable":true,"href":"https:\/\/sy-robusta.ch\/index.php?rest_route=\/"}],"wp:attachment":[{"href":"https:\/\/sy-robusta.ch\/index.php?rest_route=%2Fwp%2Fv2%2Fmedia&parent=106"}],"curies":[{"name":"wp","href":"https:\/\/api.w.org\/{rel}","templated":true}]}}