{"id":19,"date":"2014-03-18T16:05:56","date_gmt":"2014-03-18T16:05:56","guid":{"rendered":"http:\/\/www.sy-robusta.ch\/?page_id=19"},"modified":"2019-09-26T22:08:43","modified_gmt":"2019-09-26T22:08:43","slug":"technik","status":"publish","type":"page","link":"https:\/\/sy-robusta.ch\/?page_id=19","title":{"rendered":"Ausr\u00fcstung"},"content":{"rendered":"<h3>Ankersystem<\/h3>\n<p>[table]<br \/>\nBezeichnung,Beschreibung<br \/>\nAnker,1 B\u00fcgelanker 24 kg &#8211; Bugbeschlag<br \/>\nKetten\u00e4nge,100 m 8mm (inox) (nach Kettenbruch in warmen Gew\u00e4ssern gegen 10 mm verzinkte Stahlkette getauscht)<br \/>\nAnkerwinsch,Elektrisch 12 V Lofrans Tiger 1000 W (seperate Batteriebank in Vorpiek)<br \/>\nAnker,2 Plattenanker 24 Kg mit Kettenvorlauf<br \/>\nHeckanker,16 kg Brittany mit Kettenvorlauf und mech. Ankerwinsch<br \/>\n[\/table]<\/p>\n<h3>Brennstoffsystem<\/h3>\n<p>[table]<br \/>\nBezeichnung,Beschreibung<br \/>\nDiesel-Tank,330 L VA Stahl Haupttank im Motorenraum<br \/>\nTagestank,70 L unter Motor<br \/>\nDieselfilter,Wasserabscheider +&nbsp;Diesel lauft durch grossen Vorfilter in Tagestank von dort durch&nbsp;eine Doppelfilter-Anlage zu zus\u00e4tzlichem Feinfilter im Motor<br \/>\n[\/table]<\/p>\n<h3>Frischwassersystem<\/h3>\n<p>[table]<br \/>\nBezeichnung,Beschreibung<br \/>\nWasser,Tank 3 x 150 L Edellstahltank in Mittelbilge<br \/>\n[\/table]<\/p>\n<h3><span style=\"line-height: 1.714285714; font-size: 1rem;\">Elektrisch 12 V DC&nbsp;<\/span><\/h3>\n<p>[table]<br \/>\nBezeichnung,Beschreibung<br \/>\nSystemlayout, 3 unabh\u00e4ngige Kreise \u2013 Starter \u2013 Verbraucherbank \u2013 Ankerwinsch&nbsp;Neues Verteilpaneel am Navigationsplatz<br \/>\nBatterie &gt; Starter,110 Ah in Motorenraum<br \/>\nBatterie &gt; Verbraucher,2 x 180 Ah im Motorenraum<br \/>\nBatterie &gt; Ankerwinde,300 Ah in Vorpiek<br \/>\nSolarpanele,2 x auf Dach Deckshaus \u2013 Ladung Verbraucher<br \/>\nTrenntrasformator,<br \/>\nWindgenerator,AirX mit sepereater Ladeelektronik<br \/>\n[\/table]<\/p>\n<h3>&nbsp;<\/h3>\n<h3>Navigation<\/h3>\n<p>[table]<br \/>\nBezeichnung,Beschreibung<br \/>\nBarometer,mechanisch<br \/>\nHygrometer,mechanisch<br \/>\nBorduhr,mechanisch<br \/>\nLot,2 x vorhanden 1x inkl. Vorausschauend 20 Grad<br \/>\nWindmesser,2 x Vorhanden Masttop und Ger\u00e4tetr\u00e4ger<br \/>\nGPS \/ Plotter,2 x Furuno (Cockpit und Navistation)1 x gekoppelt mit GMDSS<br \/>\nRadar,Furuno 24 NM<br \/>\nRadar Warner,C.A.R.D Systems<br \/>\nAutopilot,Simrad Pinnenpilot auf Windfahne<br \/>\nWindsteuerung,Windpilot Pacific Plus<br \/>\nKompass,Mechanisch auf Steuers\u00e4ule<br \/>\nWetterfax,<span style=\"font-size: 1rem; line-height: 1.714285714;\">Navtex NASA 2x<\/span><br \/>\n&nbsp;<br \/>\n[\/table]<br \/>\nKommunikation<br \/>\nFunk UKW, Furuno UKW Seefunkanlage FM 2721<br \/>\n<img decoding=\"async\" src=\"http:\/\/home.arcor.de\/duwbiedermann\/sealine\/technik\/furuno2721.gif\" alt=\"Furuno FM 2721\"><br \/>\nFunk SSB,ICOM-M710 mit PACTOR Modem<br \/>\n<img loading=\"lazy\" decoding=\"async\" src=\"http:\/\/www.icomcanada.com\/products\/marine\/ic-m710\/ic-m710.jpg\" alt=\"IC-M710\" width=\"319\" height=\"198\"><br \/>\n[table]<br \/>\n[\/table]<br \/>\n&nbsp;<\/p>\n","protected":false},"excerpt":{"rendered":"<p>Ankersystem [table] Bezeichnung,Beschreibung Anker,1 B\u00fcgelanker 24 kg &#8211; Bugbeschlag Ketten\u00e4nge,100 m 8mm (inox) (nach Kettenbruch in warmen Gew\u00e4ssern gegen 10 mm verzinkte Stahlkette getauscht) Ankerwinsch,Elektrisch 12 V Lofrans Tiger 1000 W (seperate Batteriebank in Vorpiek) Anker,2 Plattenanker 24 Kg mit Kettenvorlauf Heckanker,16 kg Brittany mit Kettenvorlauf und mech. Ankerwinsch [\/table] Brennstoffsystem [table] Bezeichnung,Beschreibung Diesel-Tank,330 L [&hellip;]<\/p>\n","protected":false},"author":1,"featured_media":0,"parent":10006,"menu_order":4,"comment_status":"open","ping_status":"open","template":"","meta":{"ngg_post_thumbnail":0,"footnotes":""},"class_list":["post-19","page","type-page","status-publish","hentry"],"_links":{"self":[{"href":"https:\/\/sy-robusta.ch\/index.php?rest_route=\/wp\/v2\/pages\/19","targetHints":{"allow":["GET"]}}],"collection":[{"href":"https:\/\/sy-robusta.ch\/index.php?rest_route=\/wp\/v2\/pages"}],"about":[{"href":"https:\/\/sy-robusta.ch\/index.php?rest_route=\/wp\/v2\/types\/page"}],"author":[{"embeddable":true,"href":"https:\/\/sy-robusta.ch\/index.php?rest_route=\/wp\/v2\/users\/1"}],"replies":[{"embeddable":true,"href":"https:\/\/sy-robusta.ch\/index.php?rest_route=%2Fwp%2Fv2%2Fcomments&post=19"}],"version-history":[{"count":4,"href":"https:\/\/sy-robusta.ch\/index.php?rest_route=\/wp\/v2\/pages\/19\/revisions"}],"predecessor-version":[{"id":10344,"href":"https:\/\/sy-robusta.ch\/index.php?rest_route=\/wp\/v2\/pages\/19\/revisions\/10344"}],"up":[{"embeddable":true,"href":"https:\/\/sy-robusta.ch\/index.php?rest_route=\/"}],"wp:attachment":[{"href":"https:\/\/sy-robusta.ch\/index.php?rest_route=%2Fwp%2Fv2%2Fmedia&parent=19"}],"curies":[{"name":"wp","href":"https:\/\/api.w.org\/{rel}","templated":true}]}}