{"id":856,"date":"2014-08-27T09:24:18","date_gmt":"2014-08-27T07:24:18","guid":{"rendered":"http:\/\/www.sy-robusta.ch\/?page_id=856"},"modified":"2019-09-26T22:00:04","modified_gmt":"2019-09-26T22:00:04","slug":"kontakt-und-kommentare","status":"publish","type":"page","link":"https:\/\/sy-robusta.ch\/?page_id=856","title":{"rendered":"Kontakt"},"content":{"rendered":"<p>Wir freuen uns \u00fcber Nachrichten von euch<\/p>\n<p>(werden nicht ver\u00f6ffentlicht, ausser ihr dr\u00e4ngelt)<\/p>\n<p>&nbsp;<\/p>\n<p>anja@sy-robusta.ch<\/p>\n<p>thomas@sy-robusta.ch<\/p>\n<p>HBY4755@sailmail.com&nbsp;<\/p>\n","protected":false},"excerpt":{"rendered":"<p>Wir freuen uns \u00fcber Nachrichten von euch (werden nicht ver\u00f6ffentlicht, ausser ihr dr\u00e4ngelt) &nbsp; anja@sy-robusta.ch thomas@sy-robusta.ch HBY4755@sailmail.com&nbsp;<\/p>\n","protected":false},"author":1,"featured_media":0,"parent":0,"menu_order":0,"comment_status":"open","ping_status":"open","template":"","meta":{"ngg_post_thumbnail":0,"footnotes":""},"class_list":["post-856","page","type-page","status-publish","hentry"],"_links":{"self":[{"href":"https:\/\/sy-robusta.ch\/index.php?rest_route=\/wp\/v2\/pages\/856","targetHints":{"allow":["GET"]}}],"collection":[{"href":"https:\/\/sy-robusta.ch\/index.php?rest_route=\/wp\/v2\/pages"}],"about":[{"href":"https:\/\/sy-robusta.ch\/index.php?rest_route=\/wp\/v2\/types\/page"}],"author":[{"embeddable":true,"href":"https:\/\/sy-robusta.ch\/index.php?rest_route=\/wp\/v2\/users\/1"}],"replies":[{"embeddable":true,"href":"https:\/\/sy-robusta.ch\/index.php?rest_route=%2Fwp%2Fv2%2Fcomments&post=856"}],"version-history":[{"count":6,"href":"https:\/\/sy-robusta.ch\/index.php?rest_route=\/wp\/v2\/pages\/856\/revisions"}],"predecessor-version":[{"id":10340,"href":"https:\/\/sy-robusta.ch\/index.php?rest_route=\/wp\/v2\/pages\/856\/revisions\/10340"}],"wp:attachment":[{"href":"https:\/\/sy-robusta.ch\/index.php?rest_route=%2Fwp%2Fv2%2Fmedia&parent=856"}],"curies":[{"name":"wp","href":"https:\/\/api.w.org\/{rel}","templated":true}]}}